{"id":4265,"date":"2017-10-24T13:41:43","date_gmt":"2017-10-24T03:41:43","guid":{"rendered":"https:\/\/blog.stillaslife.com\/?page_id=4265"},"modified":"2021-03-28T21:28:28","modified_gmt":"2021-03-28T10:28:28","slug":"support","status":"publish","type":"page","link":"https:\/\/stillaslife.com\/es\/support\/","title":{"rendered":"Apoya mi trabajo en Still As Life"},"content":{"rendered":"<p>Si desea contribuir y ayudarme a producir contenido m\u00e1s \u00fatil, puede seguir cualquiera de los enlaces a continuaci\u00f3n a nuestros socios afiliados. Nunca pagar\u00e1 m\u00e1s utilizando estos enlaces que si los visitara directamente, ya cambio de su negocio, me pagan una peque\u00f1a comisi\u00f3n.<\/p>\n<h3>\u00bfComo funciona?<\/h3>\n<p>Cuando sigues uno de los enlaces de afiliados a continuaci\u00f3n, rastrean las compras que realices y me las acreditan. Despu\u00e9s de un per\u00edodo de confirmaci\u00f3n, generalmente 30 d\u00edas, se verifica su compra y se paga una comisi\u00f3n en mi cuenta. En el caso de reservas de hoteles y atracciones, a menudo es 30 d\u00edas despu\u00e9s de la fecha de su estad\u00eda o visita de atracci\u00f3n. Si cancelas una reserva o devuelves un art\u00edculo, no recibo ninguna comisi\u00f3n.<\/p>\n<h3>Una sugerencia<\/h3>\n<p>Si utiliza alguno de estos sitios web con regularidad, puede marcar este sitio como favorito. Cuando necesite realizar una compra o una reserva, simplemente visite esta p\u00e1gina y luego haga clic en el comerciante que desea utilizar. De esa manera, me ayudar\u00e1s todo el tiempo, \u00a1y no te costar\u00e1 m\u00e1s de lo que ya est\u00e1s pagando para comprar el producto o hacer la reserva! Esto tambi\u00e9n significar\u00e1 que cada vez que agregue nuevos afiliados, puede acceder a ellos aqu\u00ed de inmediato.<\/p>\n<p>Para ayudarlo a encontrar el comerciante que est\u00e1 buscando, los he separado en categor\u00edas. Para ser lo m\u00e1s transparente posible, tambi\u00e9n he indicado cu\u00e1l es el pago de su comisi\u00f3n.<\/p>\n<hr>\n<h3>Viajar<\/h3>\n<h4>Reservas de hotel<\/h4>\n<ul>\n<li><a class=\"thirstylink\" title=\"P\u00e1gina de inicio de HotelsCombined\" href=\"https:\/\/stillaslife.com\/es\/goto\/hotelscombined-home-page\/\" target=\"_blank\" rel=\"nofollow noopener\">HotelsCombined<\/a>: Cada vez que hace clic en un sitio de reserva, obtengo unos centavos de sus resultados de b\u00fasqueda.<\/li>\n<li><a class=\"thirstylink\" rel=\"nofollow\" target=\"_blank\" title=\"P\u00e1gina de inicio de Agoda\" href=\"https:\/\/stillaslife.com\/es\/goto\/agoda-home-page\/\" data-shortcode=\"true\">Agoda<\/a>: 4% de comisi\u00f3n sobre el valor de la reserva.<\/li>\n<li><a class=\"thirstylink\" rel=\"nofollow\" target=\"_blank\" title=\"P\u00e1gina de inicio de Booking.com\" href=\"https:\/\/stillaslife.com\/es\/goto\/booking-com-home-page\/\" data-shortcode=\"true\">Booking.com<\/a>: 25% de la comisi\u00f3n de Booking.com.<\/li>\n<li><a class=\"thirstylink\" rel=\"nofollow\" target=\"_blank\" title=\"Trip.com (Ctrip) P\u00e1gina de inicio\" href=\"https:\/\/stillaslife.com\/es\/goto\/trip-com-ctrip-home-page\/\" data-shortcode=\"true\">Trip.com (Ctrip)<\/a>: 5% del valor de la reserva del hotel (tambi\u00e9n el 1% del valor de la reserva del vuelo).<\/li>\n<li><a class=\"thirstylink\" rel=\"nofollow\" target=\"_blank\" title=\"Enlace de referencia de invitado de AirBnB\" href=\"https:\/\/stillaslife.com\/es\/goto\/airbnb-guest-referral-link\/\" data-shortcode=\"true\">Hu\u00e9spedes de AirBnB<\/a>: Reg\u00edstrate en AirBnB a trav\u00e9s de mi enlace de referencia y obtendr\u00e1s AUD $ 55 en cr\u00e9dito para tu primera reserva. Una vez que complete su primera estad\u00eda de AUD $ 110 o m\u00e1s, recibo AUD $ 25.<\/li>\n<li><a class=\"thirstylink\" rel=\"nofollow\" target=\"_blank\" title=\"Alojamiento de AirBnB\" href=\"https:\/\/stillaslife.com\/es\/goto\/airbnb-hosting\/\" data-shortcode=\"true\">Anfitriones de AirBnB<\/a>: Si est\u00e1 pensando en hospedar un AirBnB, reg\u00edstrese a trav\u00e9s de este enlace y obtendr\u00e9 USD $ 200 despu\u00e9s de su primera reserva completada por USD $ 100 o m\u00e1s.<\/li>\n<\/ul>\n<h4>Reservas de Atracci\u00f3n<\/h4>\n<ul>\n<li><a href=\"https:\/\/kkday.com\/\" target=\"_blank\" rel=\"noopener\">KKDay<\/a>: 35% del margen KKDay<\/li>\n<li><a class=\"thirstylink\" title=\"P\u00e1gina de inicio de Klook\" href=\"https:\/\/stillaslife.com\/es\/goto\/klook\/\" target=\"_blank\" rel=\"nofollow noopener\">Klook<\/a>: 2-5% de los ingresos<\/li>\n<li><a class=\"thirstylink\" title=\"P\u00e1gina de inicio de Viator\" href=\"https:\/\/stillaslife.com\/es\/goto\/viator\/\" target=\"_blank\" rel=\"nofollow noopener\">Viator por TripAdvisor<\/a>: 4% de comisi\u00f3n<\/li>\n<li><a class=\"thirstylink\" rel=\"nofollow\" target=\"_blank\" title=\"Fin de semana en italia\" href=\"https:\/\/stillaslife.com\/es\/goto\/weekend-in-italy\/\" data-shortcode=\"true\">Fin de semana en Italia:<\/a> Comisi\u00f3n del 10%<\/li>\n<\/ul>\n<h4>Excursiones<\/h4>\n<ul>\n<li><a class=\"thirstylink\" rel=\"nofollow\" target=\"_blank\" title=\"TourRadar\" href=\"https:\/\/stillaslife.com\/es\/goto\/tourradar\/\" data-shortcode=\"true\">TourRadar<\/a>: 5% de comisi\u00f3n<\/li>\n<\/ul>\n<h4><\/h4>\n<h4>Cruceros<\/h4>\n<ul>\n<li><a class=\"thirstylink\" rel=\"nofollow\" target=\"_blank\" title=\"P &amp; O cruceros\" href=\"https:\/\/www.pocruises.com.au\/\" data-linkid=\"5955\" data-shortcode=\"true\">P&amp;O Cruceros<\/a>: 4% de comisi\u00f3n<\/li>\n<\/ul>\n<h4>Vuelos<\/h4>\n<ul>\n<li><a class=\"thirstylink\" rel=\"nofollow\" target=\"_blank\" title=\"Skyscanner\" href=\"https:\/\/skyscanner.com\" data-linkid=\"5368\" data-shortcode=\"true\">Skyscanner<\/a>: 50% de la comisi\u00f3n de Skyscanner para reservas de direcciones IP de Australia y Nueva Zelanda (con un promedio de USD $ 0.45 por reserva)<\/li>\n<li><a class=\"thirstylink\" rel=\"nofollow\" target=\"_blank\" title=\"Trip.com (Ctrip) P\u00e1gina de inicio\" href=\"https:\/\/stillaslife.com\/es\/goto\/trip-com-ctrip-home-page\/\" data-shortcode=\"true\">Trip.com (Ctrip)<\/a>: 1% del valor de reserva de vuelo (tambi\u00e9n el 5% del valor de reserva de hotel).<\/li>\n<li><a class=\"thirstylink\" rel=\"nofollow\" target=\"_blank\" title=\"Vuelos baratos\" href=\"https:\/\/stillaslife.com\/es\/goto\/cheapflights\/\" data-shortcode=\"true\">CheapFlights Australia<\/a><\/li>\n<\/ul>\n<h4>Alquiler de coches<\/h4>\n<ul>\n<li><a class=\"thirstylink\" title=\"Conduce mi coche\" href=\"https:\/\/stillaslife.com\/es\/goto\/drivemycar\/\" target=\"_blank\" rel=\"nofollow noopener\">Conduce mi coche<\/a>: $ 20 por reserva<\/li>\n<li><a class=\"thirstylink\" rel=\"nofollow\" target=\"_blank\" title=\"Coche al lado\" href=\"https:\/\/www.carnextdoor.com.au\/\" data-linkid=\"5990\" data-shortcode=\"true\">Coche al lado<\/a>: $ 20 por nuevo registro de prestatario y $ 70 por nuevo propietario de auto.<\/li>\n<li><a class=\"thirstylink\" rel=\"nofollow\" target=\"_blank\" title=\"Auto europa\" href=\"https:\/\/stillaslife.com\/es\/goto\/autoeurope\/\" data-shortcode=\"true\">B\u00fasqueda de comparaci\u00f3n de coches de alquiler de AutoEurope<\/a>: 3-5% de comisi\u00f3n<\/li>\n<li><a href=\"https:\/\/stillaslife.com\/es\/?post_type=easy_affiliate_link&amp;p=4654\" data-eafl-id=\"4654\" class=\"eafl-link eafl-link-text eafl-link-cloaked\" target=\"_blank\" rel=\"nofollow noopener\">AutoEurope franc\u00e9s Canad\u00e1<\/a>: 3-5% de comisi\u00f3n<\/li>\n<\/ul>\n<h4>Servicios y equipamiento<\/h4>\n<ul>\n<li><a class=\"thirstylink\" title=\"Surfroam\" href=\"https:\/\/stillaslife.com\/es\/goto\/surfroam\/\" target=\"_blank\" rel=\"nofollow noopener\">Tarjetas Sim de viaje Surfroam<\/a>: 10% de comisi\u00f3n sobre nuevos clientes.<\/li>\n<li><a class=\"thirstylink\" rel=\"nofollow\" target=\"_blank\" title=\"Ovo Mobile\" href=\"https:\/\/stillaslife.com\/es\/goto\/ovo-mobile\/\" data-shortcode=\"true\">Ovo Mobile Australia<\/a>: 50 puntos Ovo por referencia (por un valor de $ 5) y obtienes 50 puntos Ovo (por un valor de $ 5) cuando te registras.<\/li>\n<li><a class=\"thirstylink\" rel=\"nofollow\" target=\"_blank\" title=\"Points.com\" href=\"https:\/\/stillaslife.com\/es\/goto\/points-com\/\" data-shortcode=\"true\">Points.Com<\/a>: Variable.<\/li>\n<\/ul>\n<hr>\n<h3><\/h3>\n<h3>Compras<\/h3>\n<h4>General<\/h4>\n<ul>\n<li><a class=\"thirstylink\" title=\"eBay Plus: Australia\" href=\"https:\/\/stillaslife.com\/es\/goto\/ebay-plus-australia\/\" target=\"_blank\" rel=\"nofollow noopener\">eBay Australia<\/a>: 50% de las tarifas de venta de eBay (debe ordenar dentro de las 24 horas de hacer clic en este enlace)<\/li>\n<li><a class=\"thirstylink\" title=\"ebay EE.UU\" href=\"https:\/\/stillaslife.com\/es\/goto\/ebay-usa\/\" target=\"_blank\" rel=\"nofollow noopener\">ebay EE.UU<\/a>: 50% de las tarifas de venta de eBay (debe ordenar dentro de las 24 horas de hacer clic en este enlace)<\/li>\n<li><a class=\"thirstylink\" rel=\"nofollow\" target=\"_blank\" title=\"Amazon Australia\" href=\"https:\/\/amzn.to\/39F0Aex\" data-linkid=\"6924\" data-shortcode=\"true\">Amazon Australia<\/a>: 1-10% de comisi\u00f3n dependiendo de la categor\u00eda.<\/li>\n<li><a class=\"thirstylink\" rel=\"nofollow\" target=\"_blank\" title=\"P\u00e1gina de inicio de Amazon USA\" href=\"https:\/\/www.amazon.com\/?&amp;_encoding=UTF8&amp;tag=stillaslife-20&amp;linkCode=ur2&amp;linkId=8cb6743b6d77c46595ca967792214b3f&amp;camp=1789&amp;creative=9325\" data-linkid=\"5100\" data-shortcode=\"true\">Amazon USA<\/a>: 1-10% de comisi\u00f3n dependiendo de la categor\u00eda.<\/li>\n<li><a class=\"thirstylink\" rel=\"nofollow\" target=\"_blank\" title=\"P\u00e1gina de inicio de Amazon UK\" href=\"https:\/\/www.amazon.co.uk\/?&amp;_encoding=UTF8&amp;tag=stillaslife-21&amp;linkCode=ur2&amp;linkId=74367e6c4c33a9879a6183e9ceae2e7c&amp;camp=1634&amp;creative=6738\" data-linkid=\"5102\" data-shortcode=\"true\">Amazon UK<\/a>: Comisi\u00f3n 1-10% seg\u00fan la categor\u00eda<\/li>\n<li><a class=\"thirstylink\" rel=\"nofollow\" target=\"_blank\" title=\"Amazon Japan Home Page\" href=\"https:\/\/amzn.to\/2mB41x8\" data-linkid=\"5002\" data-shortcode=\"true\">Amazon japon<\/a>: 1-10% de comisi\u00f3n dependiendo de la categor\u00eda.<\/li>\n<li><a class=\"thirstylink\" rel=\"nofollow\" target=\"_blank\" title=\"Aliexpress\" href=\"https:\/\/stillaslife.com\/es\/goto\/aliexpress\/\" data-shortcode=\"true\">AliExpress<\/a>: Variable seg\u00fan categor\u00eda y promoci\u00f3n.<\/li>\n<\/ul>\n<h4>M\u00fasica, pel\u00edculas, TV, juegos, tiendas de aplicaciones<\/h4>\n<ul>\n<li><a href=\"https:\/\/itunes.apple.com\/au\/genre\/music\/id34\" rel=\"noopener\">iTunes<\/a>: incluye compras de m\u00fasica, pel\u00edculas, televisi\u00f3n y aplicaciones - 7% de comisi\u00f3n<\/li>\n<li><a class=\"thirstylink\" title=\"OzGameshop\" href=\"https:\/\/stillaslife.com\/es\/goto\/ozgameshop\/\" target=\"_blank\" rel=\"nofollow noopener\">OzGameShop<\/a>: 5% de comisi\u00f3n<\/li>\n<\/ul>\n<h4>Equipo electronico<\/h4>\n<ul>\n<li><a class=\"thirstylink\" title=\"C\u00e1mara de c\u00e1mara\" href=\"https:\/\/stillaslife.com\/es\/goto\/camera-house\/\" target=\"_blank\" rel=\"nofollow noopener\">C\u00e1mara de c\u00e1mara<\/a>: 4% de comisi\u00f3n<\/li>\n<\/ul>\n<h4>Zapatos y ropa<\/h4>\n<ul>\n<li><a class=\"thirstylink\" title=\"Skechers\" href=\"https:\/\/stillaslife.com\/es\/goto\/skechers\/\" target=\"_blank\" rel=\"nofollow noopener\">Zapatos skechers<\/a>: 10% de comisi\u00f3n<\/li>\n<li><a class=\"thirstylink\" title=\"El pie de atleta\" href=\"https:\/\/stillaslife.com\/es\/goto\/the-athletes-foot\/\" target=\"_blank\" rel=\"nofollow noopener\">El pie de atleta<\/a>: 10% de comisi\u00f3n<\/li>\n<\/ul>\n<hr>\n<h3><\/h3>\n<h3>Otros servicios<\/h3>\n<h4>Financiero<\/h4>\n<ul>\n<li><a class=\"thirstylink\" rel=\"nofollow\" target=\"_blank\" title=\"Raiz invest\" href=\"https:\/\/stillaslife.com\/es\/goto\/raiz-invest\/\" data-shortcode=\"true\">Raiz invest<\/a>: $ 2.50 por nuevo registro<\/li>\n<li><a class=\"thirstylink\" title=\"Brickx\" href=\"https:\/\/stillaslife.com\/es\/goto\/brickx\/\" target=\"_blank\" rel=\"nofollow noopener\">BrickX<\/a>: $ 25 por cada nuevo registro si depositan $ 75 en 30 d\u00edas y tienen m\u00e1s de $ 250 en ladrillos al cumplir 90 d\u00edas de membres\u00eda.<\/li>\n<\/ul>\n<h4>Respaldo en la nube<\/h4>\n<ul>\n<li><a class=\"thirstylink\" rel=\"nofollow\" target=\"_blank\" title=\"Backblaze personal\" href=\"https:\/\/stillaslife.com\/es\/goto\/backblaze-personal\/\" data-shortcode=\"true\">Backblaze personal<\/a>: 10% de comisi\u00f3n<\/li>\n<li><a class=\"thirstylink\" rel=\"nofollow\" target=\"_blank\" title=\"Negocio Backblaze\" href=\"https:\/\/stillaslife.com\/es\/goto\/backblaze-business\/\" data-shortcode=\"true\">Negocio Backblaze<\/a>: 10% de comisi\u00f3n<\/li>\n<li><a class=\"thirstylink\" title=\"Rackspace Cloud\" href=\"https:\/\/stillaslife.com\/es\/goto\/rackspace-cloud\/\" target=\"_blank\" rel=\"nofollow noopener\">Espacio en rack<\/a>: $ 50 por nuevo registro<\/li>\n<li><a class=\"thirstylink\" title=\"Dreamhost\" href=\"https:\/\/stillaslife.com\/es\/goto\/dreamhost\/\" target=\"_blank\" rel=\"nofollow noopener\">DreamHost<\/a>: Hasta $ 120 por nuevo registro<\/li>\n<\/ul>\n<h4>Alojamiento de p\u00e1ginas web<\/h4>\n<ul>\n<li><a class=\"thirstylink\" title=\"Hostgator\" href=\"https:\/\/stillaslife.com\/es\/goto\/hostgator\/\" target=\"_blank\" rel=\"nofollow noopener\">HostGator<\/a>: $ 50 por nuevo registro<\/li>\n<li><a class=\"thirstylink\" title=\"Dreamhost\" href=\"https:\/\/stillaslife.com\/es\/goto\/dreamhost\/\" target=\"_blank\" rel=\"nofollow noopener\">DreamHost<\/a>: Hasta $ 120 por nuevo registro<\/li>\n<li><a class=\"thirstylink\" rel=\"nofollow\" target=\"_blank\" title=\"Alojamiento Cloudways\" href=\"https:\/\/stillaslife.com\/es\/goto\/cloudways-hosting\/\" data-shortcode=\"true\">Cloudways<\/a>: $ 30 por nuevo registro m\u00e1s el 7% del gasto continuo<\/li>\n<li><a class=\"thirstylink\" rel=\"nofollow\" target=\"_blank\" title=\"Kinsta Wordpress Hosting\" href=\"https:\/\/stillaslife.com\/es\/goto\/kinsta-wordpress-hosting\/\" data-shortcode=\"true\">Kinsta<\/a>: Bono de registro variable m\u00e1s el 10% del gasto continuo<\/li>\n<\/ul>\n<h4>Sitio web y herramientas de marketing<\/h4>\n<ul>\n<li><a class=\"thirstylink\" title=\"Ecwid\" href=\"https:\/\/stillaslife.com\/es\/goto\/ecwid\/\" target=\"_blank\" rel=\"nofollow noopener\">Comercio electr\u00f3nico ECWID<\/a>: 20% de tu pago de suscripci\u00f3n<\/li>\n<li><a class=\"thirstylink\" title=\"Tubebuddy\" href=\"https:\/\/stillaslife.com\/es\/goto\/tubebuddy\/\" target=\"_blank\" rel=\"nofollow noopener\">TubeBuddy<\/a>: 30% de tu pago de suscripci\u00f3n<\/li>\n<li><a class=\"thirstylink\" rel=\"nofollow\" target=\"_blank\" title=\"Herramientas de sumo\" href=\"https:\/\/stillaslife.com\/es\/goto\/sumo-tools\/\" data-shortcode=\"true\">Sumo<\/a>: 30% de tu pago de suscripci\u00f3n<\/li>\n<li><a class=\"thirstylink\" rel=\"nofollow\" target=\"_blank\" title=\"ThemeForest\" href=\"https:\/\/stillaslife.com\/es\/goto\/themeforest\/\" data-shortcode=\"true\">ThemeForest<\/a>: 30% de tu primera compra<\/li>\n<li><a class=\"thirstylink\" rel=\"nofollow\" target=\"_blank\" title=\"Picfair Fotos De Archivo\" href=\"https:\/\/stillaslife.com\/es\/goto\/picfair-stock-photos\/\" data-shortcode=\"true\">Picfair stock photography<\/a>: 50% de los ingresos de Picfair de su compra<\/li>\n<\/ul>\n<h4>Plugins de WordPress<\/h4>\n<ul>\n<li><a class=\"thirstylink\" rel=\"nofollow\" target=\"_blank\" title=\"Barn2 Wordpress Plugins\" href=\"https:\/\/stillaslife.com\/es\/goto\/barn2-wordpress-plugins\/\" data-shortcode=\"true\">Granero2<\/a>:<\/li>\n<li><a class=\"thirstylink\" rel=\"nofollow\" target=\"_blank\" title=\"Afiliados Sedientos\" href=\"https:\/\/stillaslife.com\/es\/goto\/thirsty-affiliates\/\" data-shortcode=\"true\">Afiliados Sedientos<\/a>: 30% del importe de la compra.<\/li>\n<li><a class=\"thirstylink\" rel=\"nofollow\" target=\"_blank\" title=\"WPMU Dev\" href=\"https:\/\/stillaslife.com\/es\/goto\/wpmu-dev\/\" data-shortcode=\"true\">WPMU Dev<\/a>: Puntos hacia los meses libres<\/li>\n<\/ul>\n<h4>Software<\/h4>\n<ul>\n<li><a class=\"thirstylink\" title=\"Evernote\" href=\"https:\/\/stillaslife.com\/es\/goto\/evernote\/\" target=\"_blank\" rel=\"nofollow noopener\">Evernote<\/a> - Obtienes 1 mes gratis de prima al registrarte, obtengo puntos para mi propia suscripci\u00f3n premium.<\/li>\n<li><a class=\"thirstylink\" title=\"AppSumo\" href=\"https:\/\/stillaslife.com\/es\/goto\/appsumo\/\" target=\"_blank\" rel=\"nofollow noopener\">AppSumo<\/a> - Recibo $ 10 en AppSumo Credit cuando realiza su primera compra.<\/li>\n<li><a class=\"thirstylink\" rel=\"nofollow\" target=\"_blank\" title=\"Minergate\" href=\"https:\/\/stillaslife.com\/es\/goto\/minergate\/\" data-shortcode=\"true\">Minergate<\/a>- Recibo el 30% de la tarifa minera que paga a Minergate por cada bloque de recompensa que recibe.<\/li>\n<li><a class=\"thirstylink\" rel=\"nofollow\" target=\"_blank\" title=\"Cryptor\" href=\"https:\/\/stillaslife.com\/es\/goto\/boxcryptor\/\" data-shortcode=\"true\">Cryptor<\/a><\/li>\n<\/ul>\n<h4>Carga y env\u00edo<\/h4>\n<ul>\n<li><a class=\"thirstylink\" rel=\"nofollow\" target=\"_blank\" title=\"Transdirecto\" href=\"https:\/\/stillaslife.com\/es\/goto\/transdirect\/\" data-shortcode=\"true\">Transdirecto<\/a> - Tienes 20% de descuento y yo 20% de descuento.<\/li>\n<\/ul>","protected":false},"excerpt":{"rendered":"<p>If you would like to contribute and help me produce more useful content, you can follow any of the links below to our affiliate partners. You will never pay more by using these links than you would by visiting them directly, and in return for your business, they pay me a small commission. How does &#8230; <a title=\"Apoya mi trabajo en Still As Life\" class=\"read-more\" href=\"https:\/\/stillaslife.com\/es\/support\/\" aria-label=\"Leer m\u00e1s sobre Support my work on Still As Life\">Leer m\u00e1s<\/a><\/p>","protected":false},"author":1,"featured_media":0,"parent":0,"menu_order":0,"comment_status":"closed","ping_status":"closed","template":"","meta":{"footnotes":"","_wordproof_timestamp":false},"class_list":["post-4265","page","type-page","status-publish"],"jetpack_sharing_enabled":true,"_links":{"self":[{"href":"https:\/\/stillaslife.com\/es\/wp-json\/wp\/v2\/pages\/4265","targetHints":{"allow":["GET"]}}],"collection":[{"href":"https:\/\/stillaslife.com\/es\/wp-json\/wp\/v2\/pages"}],"about":[{"href":"https:\/\/stillaslife.com\/es\/wp-json\/wp\/v2\/types\/page"}],"author":[{"embeddable":true,"href":"https:\/\/stillaslife.com\/es\/wp-json\/wp\/v2\/users\/1"}],"replies":[{"embeddable":true,"href":"https:\/\/stillaslife.com\/es\/wp-json\/wp\/v2\/comments?post=4265"}],"version-history":[{"count":5,"href":"https:\/\/stillaslife.com\/es\/wp-json\/wp\/v2\/pages\/4265\/revisions"}],"predecessor-version":[{"id":59618,"href":"https:\/\/stillaslife.com\/es\/wp-json\/wp\/v2\/pages\/4265\/revisions\/59618"}],"wp:attachment":[{"href":"https:\/\/stillaslife.com\/es\/wp-json\/wp\/v2\/media?parent=4265"}],"curies":[{"name":"wp","href":"https:\/\/api.w.org\/{rel}","templated":true}]}}