{"id":2,"date":"2007-11-06T05:32:23","date_gmt":"2007-11-06T11:32:23","guid":{"rendered":""},"modified":"2023-09-07T14:57:49","modified_gmt":"2023-09-07T04:57:49","slug":"about","status":"publish","type":"page","link":"https:\/\/stillaslife.com\/fr\/about\/","title":{"rendered":"\u00c0 propos de Matt"},"content":{"rendered":"<p>Bienvenue sur Still As Life, mon blog de voyage personnel. Je suis Matt, et c&#039;est un plaisir de vous voir ici !<\/p>\n\n\n\n<p>Je suis un voyageur agnostique qui \u00e9crit sur les voyages depuis l&#039;Australie sur un <a href=\"https:\/\/stillaslife.com\/fr\/article\/money\/\">budget<\/a> avec un point faible pour la croisi\u00e8re et une vie saine. J&#039;aime voyager lentement et vraiment conna\u00eetre un endroit, voir les choses qui sont souvent ignor\u00e9es sur les principaux itin\u00e9raires touristiques.<\/p>\n\n\n<div class=\"wp-block-image\">\n<figure class=\"aligncenter\"><img data-recalc-dims=\"1\" fetchpriority=\"high\" decoding=\"async\" width=\"400\" height=\"267\" src=\"https:\/\/i0.wp.com\/stillaslife.com\/wp-content\/uploads\/2019\/08\/Matt-at-Orakei-Korako-Geothermal-Park.jpg?resize=400%2C267&#038;quality=89&#038;ssl=1\" alt=\"Matt at Orakei Korako Geothermal Park in New Zealand\" class=\"wp-image-8270\" srcset=\"https:\/\/i0.wp.com\/stillaslife.com\/wp-content\/uploads\/2019\/08\/Matt-at-Orakei-Korako-Geothermal-Park.jpg?resize=400%2C267&amp;quality=89&amp;ssl=1 400w, https:\/\/i0.wp.com\/stillaslife.com\/wp-content\/uploads\/2019\/08\/Matt-at-Orakei-Korako-Geothermal-Park.jpg?resize=600%2C400&amp;quality=89&amp;ssl=1 600w, https:\/\/i0.wp.com\/stillaslife.com\/wp-content\/uploads\/2019\/08\/Matt-at-Orakei-Korako-Geothermal-Park.jpg?resize=300%2C200&amp;quality=89&amp;ssl=1 300w, https:\/\/i0.wp.com\/stillaslife.com\/wp-content\/uploads\/2019\/08\/Matt-at-Orakei-Korako-Geothermal-Park.jpg?resize=768%2C512&amp;quality=89&amp;ssl=1 768w, https:\/\/i0.wp.com\/stillaslife.com\/wp-content\/uploads\/2019\/08\/Matt-at-Orakei-Korako-Geothermal-Park.jpg?w=1800&amp;quality=89&amp;ssl=1 1800w\" sizes=\"(max-width: 400px) 100vw, 400px\" \/><figcaption class=\"wp-element-caption\">Matt au parc g\u00e9othermique Orakei Korako en Nouvelle-Z\u00e9lande<\/figcaption><\/figure>\n<\/div>\n\n\n<p>J&#039;ai commenc\u00e9 Still As Life waaaaaay en 2006 en tant que blog personnel. Au fil du temps, cela a lentement \u00e9volu\u00e9 pour devenir le blog de voyage qu&#039;il est aujourd&#039;hui. Vous voyez, quand j&#039;\u00e9tais enfant, ma famille \u00e9tait largement dispers\u00e9e en Australie, alors nous avons BEAUCOUP voyag\u00e9 pour rendre visite \u00e0 tout le monde. Je suppose que vous pourriez dire que j&#039;ai eu le virus du voyage t\u00f4t. Peu de temps apr\u00e8s avoir commenc\u00e9 mon blog, j&#039;ai remarqu\u00e9 que j&#039;\u00e9crivais sur mes voyages, et en 2010, apr\u00e8s avoir rencontr\u00e9 ma future femme, nous avons commenc\u00e9 \u00e0 voyager encore plus.<\/p>\n\n\n\n<p>Depuis 2012, nous avons effectu\u00e9 plus de 21 voyages diff\u00e9rents dans 11 pays avec tellement plus de modes de transport que je ne m&#039;y attendais. De <a href=\"https:\/\/stillaslife.com\/fr\/article\/travel\/cruising\/\">navires<\/a> \u00e0 <a rel=\"noreferrer noopener\" aria-label=\"avions (s&#039;ouvre dans un nouvel onglet)\" href=\"https:\/\/stillaslife.com\/fr\/article\/travel\/flying\/\" target=\"_blank\">Avions<\/a> aux h\u00e9licopt\u00e8res aux a\u00e9roglisseurs, cela a \u00e9t\u00e9 une s\u00e9rie de voyages incroyables alors que nous avons explor\u00e9 plus loin et progressivement fait le tour du monde. Certains de nos voyages sont courts, les week-ends et d&#039;autres sont des s\u00e9jours d&#039;un mois ou plus (comme le temps que nous avons pass\u00e9 <a href=\"https:\/\/stillaslife.com\/fr\/travel\/road-tripping\/new-zealand-north-island-32-day-road-trip-itinerary-10-day-cruise\/\">32 jours sur l&#039;\u00eele du nord de la Nouvelle-Z\u00e9lande<\/a>).<\/p>\n\n\n<div class=\"wp-block-image\">\n<figure class=\"aligncenter\"><img data-recalc-dims=\"1\" decoding=\"async\" width=\"400\" height=\"220\" src=\"https:\/\/i0.wp.com\/stillaslife.com\/wp-content\/uploads\/2019\/09\/Underwater-Scooter-Biking-in-Bora-Bora.jpg?resize=400%2C220&#038;quality=89&#038;ssl=1\" alt=\"Underwater Scooter Biking in Bora Bora\" class=\"wp-image-8354\" srcset=\"https:\/\/i0.wp.com\/stillaslife.com\/wp-content\/uploads\/2019\/09\/Underwater-Scooter-Biking-in-Bora-Bora.jpg?resize=400%2C220&amp;quality=89&amp;ssl=1 400w, https:\/\/i0.wp.com\/stillaslife.com\/wp-content\/uploads\/2019\/09\/Underwater-Scooter-Biking-in-Bora-Bora.jpg?resize=600%2C330&amp;quality=89&amp;ssl=1 600w, https:\/\/i0.wp.com\/stillaslife.com\/wp-content\/uploads\/2019\/09\/Underwater-Scooter-Biking-in-Bora-Bora.jpg?resize=300%2C165&amp;quality=89&amp;ssl=1 300w, https:\/\/i0.wp.com\/stillaslife.com\/wp-content\/uploads\/2019\/09\/Underwater-Scooter-Biking-in-Bora-Bora.jpg?resize=768%2C423&amp;quality=89&amp;ssl=1 768w, https:\/\/i0.wp.com\/stillaslife.com\/wp-content\/uploads\/2019\/09\/Underwater-Scooter-Biking-in-Bora-Bora.jpg?w=1197&amp;quality=89&amp;ssl=1 1197w\" sizes=\"(max-width: 400px) 100vw, 400px\" \/><figcaption class=\"wp-element-caption\">V\u00e9lo sous-marin en scooter \u00e0 Bora Bora<\/figcaption><\/figure>\n<\/div>\n\n\n<p>Le truc, c&#039;est que je ne suis pas un blogueur de voyage, ce n&#039;est pas mon travail. Bien s\u00fbr, je gagne quelques dollars gr\u00e2ce aux publicit\u00e9s et aux liens d&#039;affiliation (en fait, si vous voulez m&#039;aider, vous pouvez v\u00e9rifier <a href=\"https:\/\/stillaslife.com\/fr\/support\/\">Cet article<\/a>), mais je n&#039;en vis pas et je n&#039;en ai jamais eu l&#039;intention. Ma femme et moi adorons voyager.<\/p>\n\n\n\n<p>Je dirige une entreprise de marketing num\u00e9rique appel\u00e9e <a rel=\"noreferrer noopener\" aria-label=\"TerraMedia (s&#039;ouvre dans un nouvel onglet)\" href=\"https:\/\/terramedia.com.au\" target=\"_blank\">TerraMedia<\/a>, mon travail de jour. Entre mon travail cependant, nous saisissons toutes les occasions que nous pouvons avoir pour voyager! Parfois, cela signifie que je dois me connecter et travailler pendant que nous sommes en voyage, mais notre objectif n&#039;est pas de travailler partout o\u00f9 nous allons, mais plut\u00f4t de profiter du monde que Dieu a cr\u00e9\u00e9 pour nous et de documenter nos voyages pour, esp\u00e9rons-le, aider les autres. qui voyagent comme nous.<\/p>\n\n\n<div class=\"wp-block-image\">\n<figure class=\"aligncenter\"><img data-recalc-dims=\"1\" decoding=\"async\" width=\"267\" height=\"400\" src=\"https:\/\/i0.wp.com\/stillaslife.com\/wp-content\/uploads\/2019\/09\/Matt-at-Taku-Glacier.jpg?resize=267%2C400&#038;quality=89&#038;ssl=1\" alt=\"Matt at Taku Glacier, Alaska\" class=\"wp-image-8350\" srcset=\"https:\/\/i0.wp.com\/stillaslife.com\/wp-content\/uploads\/2019\/09\/Matt-at-Taku-Glacier.jpg?resize=267%2C400&amp;quality=89&amp;ssl=1 267w, https:\/\/i0.wp.com\/stillaslife.com\/wp-content\/uploads\/2019\/09\/Matt-at-Taku-Glacier.jpg?resize=600%2C900&amp;quality=89&amp;ssl=1 600w, https:\/\/i0.wp.com\/stillaslife.com\/wp-content\/uploads\/2019\/09\/Matt-at-Taku-Glacier.jpg?resize=200%2C300&amp;quality=89&amp;ssl=1 200w, https:\/\/i0.wp.com\/stillaslife.com\/wp-content\/uploads\/2019\/09\/Matt-at-Taku-Glacier.jpg?resize=768%2C1152&amp;quality=89&amp;ssl=1 768w, https:\/\/i0.wp.com\/stillaslife.com\/wp-content\/uploads\/2019\/09\/Matt-at-Taku-Glacier.jpg?w=1200&amp;quality=89&amp;ssl=1 1200w\" sizes=\"(max-width: 267px) 100vw, 267px\" \/><figcaption class=\"wp-element-caption\">Matt au glacier Taku, Alaska<\/figcaption><\/figure>\n<\/div>\n\n\n<h2 class=\"wp-block-heading\">Alors, pourquoi j&#039;\u00e9cris ?<\/h2>\n\n\n\n<p>Plus nous voyageons, plus nous avons d\u00e9couvert que beaucoup de contenus de voyage sont \u00e9crits de l&#039;une des deux mani\u00e8res suivantes\u00a0:<\/p>\n\n\n\n<ol class=\"wp-block-list\">\n<li>Nomades num\u00e9riques - \u00e9crits par des personnes qui voyagent constamment et trouvent des moyens de travailler pendant leurs d\u00e9placements, souvent en bloguant. En r\u00e8gle g\u00e9n\u00e9rale, ils \u00e9crivent pour des personnes qui aspirent \u00e0 faire la m\u00eame chose qu&#039;eux. Ce n&#039;est pas notre fa\u00e7on de voyager, et bien que leur contenu soit souvent g\u00e9nial, il n&#039;est pas vraiment \u00e9crit pour nous.<\/li>\n\n\n\n<li>Le voyageur occasionnel \u2013 les personnes qui travaillent g\u00e9n\u00e9ralement \u00e0 temps plein et qui disposent de cong\u00e9s limit\u00e9s pour voyager. La plupart des \u00e9crits pour les voyageurs comme celui-ci sont des voyages plus courts et sont bas\u00e9s sur l&#039;entassement de tas d&#039;activit\u00e9s dans un court laps de temps.<\/li>\n<\/ol>\n\n\n\n<p>Nous nous situons quelque part entre les deux. \u00c0 la t\u00eate d&#039;une entreprise, nous avons tous les deux la possibilit\u00e9 de voyager quand nous le voulons aussi longtemps que nous le voulons, mais bien s\u00fbr, si nous ne faisons pas le travail, nous n&#039;avons pas d&#039;argent. Nous \u00e9quilibrons donc cette libert\u00e9 et voyageons le plus possible, tout en revenant toujours \u00e0 notre base d&#039;origine en Australie, o\u00f9 nous vivons avec notre chat, Inca. J&#039;avoue, nous sommes particuli\u00e8rement friands de road trips et de croisi\u00e8re, mais \u00e0 la fin. la journ\u00e9e, nous aimons vraiment nous immerger dans un lieu et vraiment apprendre \u00e0 conna\u00eetre \u00e0 la fois la r\u00e9gion et les gens.<\/p>\n\n\n<div class=\"wp-block-image\">\n<figure class=\"aligncenter\"><img data-recalc-dims=\"1\" loading=\"lazy\" decoding=\"async\" width=\"400\" height=\"267\" src=\"https:\/\/i0.wp.com\/stillaslife.com\/wp-content\/uploads\/2018\/05\/Matt-at-the-Cave-Entry-400x267.jpg?resize=400%2C267&#038;quality=89&#038;ssl=1\" alt=\"Matt at the Cave Entry, Caves Beach\" class=\"wp-image-6089\" srcset=\"https:\/\/i0.wp.com\/stillaslife.com\/wp-content\/uploads\/2018\/05\/Matt-at-the-Cave-Entry.jpg?resize=400%2C267&amp;quality=89&amp;ssl=1 400w, https:\/\/i0.wp.com\/stillaslife.com\/wp-content\/uploads\/2018\/05\/Matt-at-the-Cave-Entry.jpg?resize=600%2C400&amp;quality=89&amp;ssl=1 600w, https:\/\/i0.wp.com\/stillaslife.com\/wp-content\/uploads\/2018\/05\/Matt-at-the-Cave-Entry.jpg?resize=300%2C200&amp;quality=89&amp;ssl=1 300w, https:\/\/i0.wp.com\/stillaslife.com\/wp-content\/uploads\/2018\/05\/Matt-at-the-Cave-Entry.jpg?resize=768%2C512&amp;quality=89&amp;ssl=1 768w, https:\/\/i0.wp.com\/stillaslife.com\/wp-content\/uploads\/2018\/05\/Matt-at-the-Cave-Entry.jpg?resize=705%2C470&amp;quality=89&amp;ssl=1 705w, https:\/\/i0.wp.com\/stillaslife.com\/wp-content\/uploads\/2018\/05\/Matt-at-the-Cave-Entry.jpg?w=1800&amp;quality=89&amp;ssl=1 1800w\" sizes=\"(max-width: 400px) 100vw, 400px\" \/><figcaption class=\"wp-element-caption\">Matt \u00e0 l&#039;entr\u00e9e de la grotte, <a href=\"https:\/\/stillaslife.com\/fr\/travel\/road-tripping\/caves-beach-lake-macquarie-nsw\/\">Plage des Grottes<\/a><\/figcaption><\/figure>\n<\/div>\n\n\n<p>Alors que ce blog a commenc\u00e9 \u00e0 l&#039;origine comme un blog personnel, documentant des aspects de ma vie comme les \u00e9tudes universitaires, les choix technologiques, les visites au restaurant et nos vacances, il est devenu un journal de nos voyages, des choses que nous aimons et n&#039;aimons pas, et bien s\u00fbr, le choses que nous faisons pour faciliter les d\u00e9placements comme nous le faisons.<\/p>\n\n\n<div class=\"wp-block-image\">\n<figure class=\"aligncenter\"><img data-recalc-dims=\"1\" loading=\"lazy\" decoding=\"async\" width=\"267\" height=\"400\" src=\"https:\/\/i0.wp.com\/stillaslife.com\/wp-content\/uploads\/2019\/09\/Sled-Dog-Mushing-at-Skagway.jpg?resize=267%2C400&#038;quality=89&#038;ssl=1\" alt=\"Sled Dog Mushing at Skagway, Alaska\" class=\"wp-image-8353\" srcset=\"https:\/\/i0.wp.com\/stillaslife.com\/wp-content\/uploads\/2019\/09\/Sled-Dog-Mushing-at-Skagway.jpg?resize=267%2C400&amp;quality=89&amp;ssl=1 267w, https:\/\/i0.wp.com\/stillaslife.com\/wp-content\/uploads\/2019\/09\/Sled-Dog-Mushing-at-Skagway.jpg?resize=600%2C900&amp;quality=89&amp;ssl=1 600w, https:\/\/i0.wp.com\/stillaslife.com\/wp-content\/uploads\/2019\/09\/Sled-Dog-Mushing-at-Skagway.jpg?resize=200%2C300&amp;quality=89&amp;ssl=1 200w, https:\/\/i0.wp.com\/stillaslife.com\/wp-content\/uploads\/2019\/09\/Sled-Dog-Mushing-at-Skagway.jpg?resize=768%2C1152&amp;quality=89&amp;ssl=1 768w, https:\/\/i0.wp.com\/stillaslife.com\/wp-content\/uploads\/2019\/09\/Sled-Dog-Mushing-at-Skagway.jpg?w=1200&amp;quality=89&amp;ssl=1 1200w\" sizes=\"(max-width: 267px) 100vw, 267px\" \/><figcaption class=\"wp-element-caption\">Chien de tra\u00eeneau Mushing \u00e0 Skagway, Alaska<\/figcaption><\/figure>\n<\/div>\n\n\n<p>Alors, revenons \u00e0 cette question, pourquoi est-ce que j&#039;\u00e9cris ?<\/p>\n\n\n\n<p>Honn\u00eatement, j&#039;aime \u00e9crire. Je trouve que c&#039;est un formidable exutoire cr\u00e9atif, surtout quand ce n&#039;est pas fait pour le travail. \u00c9tant donn\u00e9 que nous prenons tant de photos (et plus r\u00e9cemment de vid\u00e9os) lors de nos voyages, cela constitue la combinaison parfaite de blogs, et j&#039;esp\u00e8re vraiment que ce que j&#039;\u00e9cris sera utile pour d&#039;autres personnes qui vivent un style de vie similaire au n\u00f4tre et qui cherchent \u00e0 trouver fa\u00e7ons de voyager plus.<\/p>\n\n\n\n<p>Avons-nous vu le monde entier? Non, nulle part pr\u00e8s. Cependant, nous avons vu des endroits incroyables et j&#039;aime les partager avec vous. J&#039;aime particuli\u00e8rement essayer de nouveaux plats et d\u00e9couvrir de nouvelles cultures dans les nombreux endroits que nous visitons.<\/p>\n\n\n<div class=\"wp-block-image\">\n<figure class=\"aligncenter\"><img data-recalc-dims=\"1\" loading=\"lazy\" decoding=\"async\" width=\"300\" height=\"400\" src=\"https:\/\/i0.wp.com\/stillaslife.com\/wp-content\/uploads\/2019\/09\/Matt-at-Uluru.jpg?resize=300%2C400&#038;quality=89&#038;ssl=1\" alt=\"Matt riding a camel at Uluru\" class=\"wp-image-8351\" srcset=\"https:\/\/i0.wp.com\/stillaslife.com\/wp-content\/uploads\/2019\/09\/Matt-at-Uluru.jpg?resize=300%2C400&amp;quality=89&amp;ssl=1 300w, https:\/\/i0.wp.com\/stillaslife.com\/wp-content\/uploads\/2019\/09\/Matt-at-Uluru.jpg?resize=600%2C800&amp;quality=89&amp;ssl=1 600w, https:\/\/i0.wp.com\/stillaslife.com\/wp-content\/uploads\/2019\/09\/Matt-at-Uluru.jpg?resize=225%2C300&amp;quality=89&amp;ssl=1 225w, https:\/\/i0.wp.com\/stillaslife.com\/wp-content\/uploads\/2019\/09\/Matt-at-Uluru.jpg?resize=768%2C1024&amp;quality=89&amp;ssl=1 768w, https:\/\/i0.wp.com\/stillaslife.com\/wp-content\/uploads\/2019\/09\/Matt-at-Uluru.jpg?w=1350&amp;quality=89&amp;ssl=1 1350w\" sizes=\"(max-width: 300px) 100vw, 300px\" \/><figcaption class=\"wp-element-caption\">Matt chevauchant un chameau \u00e0 Uluru<\/figcaption><\/figure>\n<\/div>\n\n\n<p>Peut-\u00eatre que le plus grand d\u00e9fi est que j&#039;aime faire tellement de choses, et je trouve toujours de nouvelles choses que j&#039;ai envie d&#039;essayer. <\/p>\n\n\n\n<p>Depuis que j&#039;ai pass\u00e9 trois semaines aux \u00celes Salomon \u00e0 travailler sur les enregistrements du GodPod des \u00celes Salomon au <a href=\"https:\/\/www.adventist.org.sb\/\" target=\"_blank\" rel=\"noreferrer noopener\">Solomon Island A<\/a>dventist Mission with It Is Written Oceania, I&#8217;ve loved Pacific Island English Creole languages and want to learn more. Then there is the food! Wantoks, mi barava tumas kaikai! The Solomon Islanders know how to grow and cook amazing food. I tried 37 different varieties of bananas while I was in Honiara, some cooked in a motu (a traditional way of cooking wrapped in banana leaves in a pit with hot stones), many raw, and I can&#8217;t even begin to tell you how good the pineapple and pawpaw is over there. I don&#8217;t even like pawpaw! But I digress.<\/p>\n\n\n<div class=\"wp-block-image\">\n<figure class=\"aligncenter\"><img data-recalc-dims=\"1\" loading=\"lazy\" decoding=\"async\" width=\"400\" height=\"267\" src=\"https:\/\/i0.wp.com\/stillaslife.com\/wp-content\/uploads\/2019\/09\/Matt-Drinking-A-Fresh-Cut-Coconut.jpg?resize=400%2C267&#038;quality=89&#038;ssl=1\" alt=\"Matt Drinking A Fresh Cut Coconut in the Solomon Islands\" class=\"wp-image-8352\" srcset=\"https:\/\/i0.wp.com\/stillaslife.com\/wp-content\/uploads\/2019\/09\/Matt-Drinking-A-Fresh-Cut-Coconut.jpg?resize=400%2C267&amp;quality=89&amp;ssl=1 400w, https:\/\/i0.wp.com\/stillaslife.com\/wp-content\/uploads\/2019\/09\/Matt-Drinking-A-Fresh-Cut-Coconut.jpg?resize=600%2C400&amp;quality=89&amp;ssl=1 600w, https:\/\/i0.wp.com\/stillaslife.com\/wp-content\/uploads\/2019\/09\/Matt-Drinking-A-Fresh-Cut-Coconut.jpg?resize=300%2C200&amp;quality=89&amp;ssl=1 300w, https:\/\/i0.wp.com\/stillaslife.com\/wp-content\/uploads\/2019\/09\/Matt-Drinking-A-Fresh-Cut-Coconut.jpg?resize=768%2C512&amp;quality=89&amp;ssl=1 768w, https:\/\/i0.wp.com\/stillaslife.com\/wp-content\/uploads\/2019\/09\/Matt-Drinking-A-Fresh-Cut-Coconut.jpg?w=1800&amp;quality=89&amp;ssl=1 1800w\" sizes=\"(max-width: 400px) 100vw, 400px\" \/><figcaption class=\"wp-element-caption\">Matt buvant une noix de coco fra\u00eechement coup\u00e9e aux \u00celes Salomon<\/figcaption><\/figure>\n<\/div>\n\n\n<h2 class=\"wp-block-heading\">O\u00f9 nos voyages nous ont-ils men\u00e9s jusqu&#039;\u00e0 pr\u00e9sent ?<\/h2>\n\n\n\n<p>En plus des nombreux voyages courts d&#039;un ou de deux jours, vous trouverez ci-dessous les voyages plus importants qui ont n\u00e9cessit\u00e9 plus de temps ou qui impliquaient un avion ou un bateau.<\/p>\n\n\n\n<h3 class=\"wp-block-heading\">2012<\/h3>\n\n\n\n<ul class=\"wp-block-list\">\n<li><strong>Australie:<\/strong> S\u00e9jour citadin de 4 jours \u00e0 Perth, Australie occidentale<\/li>\n\n\n\n<li><strong>Japon:<\/strong> Voyage de 10 jours \u00e0 Honshu<\/li>\n<\/ul>\n\n\n\n<h3 class=\"wp-block-heading\">2013<\/h3>\n\n\n\n<ul class=\"wp-block-list\">\n<li><strong>Australie: <\/strong>S\u00e9jour citadin de 3 jours \u00e0 Hobart, Tasmanie<\/li>\n\n\n\n<li><strong>Nouvelle-Z\u00e9lande: <\/strong>Road trip d&#039;un mois en Nouvelle-Z\u00e9lande dans les \u00eeles du Nord et du Sud (notre lune de miel)<\/li>\n<\/ul>\n\n\n\n<h3 class=\"wp-block-heading\">2014<\/h3>\n\n\n\n<ul class=\"wp-block-list\">\n<li><strong>Australie: <\/strong>10 jours d&#039;Ad\u00e9la\u00efde \u00e0 Melbourne via Kangaroo Island Great Ocean Road Trip<\/li>\n<\/ul>\n\n\n\n<h3 class=\"wp-block-heading\">2015<\/h3>\n\n\n\n<ul class=\"wp-block-list\">\n<li><strong>Les \u00eeles Salomon:<\/strong> Voyage de 21 jours pour enregistrer le GodPod des \u00eeles Salomon avec It Is Written Oceania<\/li>\n\n\n\n<li><strong>Canada et \u00c9tats-Unis\u00a0: <\/strong>Road trip de 18 jours au Canada et croisi\u00e8re en Alaska<\/li>\n\n\n\n<li><strong>Australie: <\/strong>Croisi\u00e8re Sydney-Tasmanie de 6 jours<\/li>\n\n\n\n<li><strong>Australie: <\/strong>S\u00e9jour citadin de 4 jours \u00e0 Melbourne, Victoria<\/li>\n<\/ul>\n\n\n\n<h3 class=\"wp-block-heading\">2016<\/h3>\n\n\n\n<ul class=\"wp-block-list\">\n<li><strong>Fidji, Vanuatu et Nouvelle-Cal\u00e9donie\u00a0: <\/strong>Croisi\u00e8re de 13 jours sur les \u00eeles du Pacifique<\/li>\n\n\n\n<li><strong>Australie:<\/strong> 10 jours de Sydney \u00e0 Uluru et trajet aller-retour<\/li>\n\n\n\n<li><strong>Australie: <\/strong>Voyage aller-retour entre la c\u00f4te de Sydney et Melbourne de 4 jours<\/li>\n\n\n\n<li><strong>Australie: <\/strong><a href=\"https:\/\/stillaslife.com\/fr\/travel\/14-day-darwin-to-perth-roadtrip-itinerary\/\">Voyage aller simple en camping-car de Darwin \u00e0 Perth de 14 jours<\/a><\/li>\n<\/ul>\n\n\n\n<h3 class=\"wp-block-heading\">2017<\/h3>\n\n\n\n<ul class=\"wp-block-list\">\n<li><strong>Nouvelle-Cal\u00e9donie &amp; Vanuatu : <\/strong>Croisi\u00e8re de 9 jours sur les \u00eeles du Pacifique<\/li>\n\n\n\n<li><strong>Nouvelle-Z\u00e9lande, Polyn\u00e9sie fran\u00e7aise et \u00c9tats-Unis\u00a0: <\/strong>20 jours de Sydney \u00e0&nbsp;<a rel=\"noreferrer noopener\" target=\"_blank\" href=\"https:\/\/stillaslife.com\/fr\/tag\/hawaii\/\">Hawaii<\/a>&nbsp;croisi\u00e8re et s\u00e9jour \u00e0 Honolulu<\/li>\n\n\n\n<li><strong>Japon: <\/strong>13 jours&nbsp;<a rel=\"noreferrer noopener\" target=\"_blank\" href=\"https:\/\/stillaslife.com\/fr\/tag\/japan\/\">Japon<\/a>&nbsp;voyage (y compris&nbsp;<a href=\"https:\/\/stillaslife.com\/fr\/travel\/autumn-6-day-hokkaido-central-and-eastern-road-trip-itinerary\/\">Roadtrip de 6 jours \u00e0 Hokkaido<\/a>&nbsp;et 5 jours&nbsp;<a rel=\"noreferrer noopener\" target=\"_blank\" href=\"https:\/\/stillaslife.com\/fr\/tag\/tokyo\/\">Tokyo<\/a>&nbsp;s\u00e9jour en ville)<\/li>\n<\/ul>\n\n\n\n<h3 class=\"wp-block-heading\">2018<\/h3>\n\n\n\n<ul class=\"wp-block-list\">\n<li><strong>Nouvelle-Cal\u00e9donie &amp; Vanuatu : <\/strong>Croisi\u00e8re de 10 jours sur les \u00eeles du Pacifique<\/li>\n\n\n\n<li><strong>Nouvelle-Z\u00e9lande: <\/strong><a href=\"https:\/\/stillaslife.com\/fr\/travel\/road-tripping\/new-zealand-north-island-32-day-road-trip-itinerary-10-day-cruise\/\">Road trip de 32 jours en Nouvelle-Z\u00e9lande sur l&#039;\u00eele du Nord + croisi\u00e8re de 10 jours<\/a><\/li>\n<\/ul>\n\n\n\n<h3 class=\"wp-block-heading\">2019<\/h3>\n\n\n\n<ul class=\"wp-block-list\">\n<li><strong>Nouvelle-Z\u00e9lande: <\/strong>10 jours&nbsp;<a rel=\"noreferrer noopener\" target=\"_blank\" href=\"https:\/\/stillaslife.com\/fr\/tag\/new-zealand\/\">Nouvelle-Z\u00e9lande<\/a>&nbsp;croisi\u00e8re<\/li>\n\n\n\n<li><strong>Australie:<\/strong> Voyage de camping Namadgi de 2 jours<\/li>\n\n\n\n<li><strong>Australie:<\/strong> Croisi\u00e8re Eden de 4 jours<\/li>\n\n\n\n<li><strong>Nouvelle Cal\u00e9donie:<\/strong> Croisi\u00e8re de 7 jours sur les \u00eeles du Pacifique<\/li>\n<\/ul>\n\n\n\n<h2 class=\"wp-block-heading\">Lieux o\u00f9 j&#039;ai \u00e9t\u00e9 pr\u00e9sent\u00e9<\/h2>\n\n\n\n<ul class=\"wp-block-list\">\n<li><a rel=\"noreferrer noopener\" href=\"https:\/\/www.finder.com\/princess-cruises-reviews\" target=\"_blank\">Finder.com: Examen de Princess Cruises<\/a><\/li>\n\n\n\n<li><a rel=\"noreferrer noopener\" href=\"https:\/\/www.thedailybeast.com\/are-people-seriously-still-booking-cruises-yes-they-are?ref=author\" target=\"_blank\">The Daily Beast\u00a0: Les gens r\u00e9servent-ils toujours s\u00e9rieusement des croisi\u00e8res\u00a0?<\/a><\/li>\n\n\n\n<li><a rel=\"noreferrer noopener\" href=\"https:\/\/burtbrothers.com\/blog\/shop-tires-by-quality-or-price\/\" target=\"_blank\">Fr\u00e8res Burt<\/a><\/li>\n\n\n\n<li><a href=\"https:\/\/mostcommonwords.co\/top-1000-spanish-words.html\" target=\"_blank\" rel=\"noreferrer noopener\">Mots les plus courants en espagnol<\/a><\/li>\n<\/ul>","protected":false},"excerpt":{"rendered":"<p>Bienvenue sur Still As Life, mon blog de voyage personnel. Je suis Matt, et c&#039;est un plaisir de vous voir ici ! Je suis un voyageur agnostique qui \u00e9crit sur les voyages depuis l&#039;Australie avec un budget limit\u00e9 avec un point faible pour la croisi\u00e8re et une vie saine. J&#039;aime voyager lentement et vraiment conna\u00eetre un endroit, voir\u2026 <a title=\"\u00c0 propos de Matt\" class=\"read-more\" href=\"https:\/\/stillaslife.com\/fr\/about\/\" aria-label=\"En savoir plus sur About Matt\">Lire plus<\/a><\/p>","protected":false},"author":1,"featured_media":7524,"parent":0,"menu_order":0,"comment_status":"closed","ping_status":"closed","template":"","meta":{"footnotes":"","_wordproof_timestamp":false},"class_list":["post-2","page","type-page","status-publish","has-post-thumbnail"],"jetpack_sharing_enabled":true,"_links":{"self":[{"href":"https:\/\/stillaslife.com\/fr\/wp-json\/wp\/v2\/pages\/2","targetHints":{"allow":["GET"]}}],"collection":[{"href":"https:\/\/stillaslife.com\/fr\/wp-json\/wp\/v2\/pages"}],"about":[{"href":"https:\/\/stillaslife.com\/fr\/wp-json\/wp\/v2\/types\/page"}],"author":[{"embeddable":true,"href":"https:\/\/stillaslife.com\/fr\/wp-json\/wp\/v2\/users\/1"}],"replies":[{"embeddable":true,"href":"https:\/\/stillaslife.com\/fr\/wp-json\/wp\/v2\/comments?post=2"}],"version-history":[{"count":4,"href":"https:\/\/stillaslife.com\/fr\/wp-json\/wp\/v2\/pages\/2\/revisions"}],"predecessor-version":[{"id":449677,"href":"https:\/\/stillaslife.com\/fr\/wp-json\/wp\/v2\/pages\/2\/revisions\/449677"}],"wp:featuredmedia":[{"embeddable":true,"href":"https:\/\/stillaslife.com\/fr\/wp-json\/wp\/v2\/media\/7524"}],"wp:attachment":[{"href":"https:\/\/stillaslife.com\/fr\/wp-json\/wp\/v2\/media?parent=2"}],"curies":[{"name":"wp","href":"https:\/\/api.w.org\/{rel}","templated":true}]}}